{"id":9630,"date":"2026-03-15T15:07:33","date_gmt":"2026-03-15T13:07:33","guid":{"rendered":"https:\/\/socialinnovation.lv\/?page_id=9630"},"modified":"2026-03-25T19:25:10","modified_gmt":"2026-03-25T17:25:10","slug":"rural","status":"publish","type":"page","link":"https:\/\/socialinnovation.lv\/en\/rural\/","title":{"rendered":"Rural place to host social innovation"},"content":{"rendered":"<p>[vc_section full_width=&#8221;stretch_row_content&#8221;][vc_row full_width=&#8221;stretch_row_content&#8221; vlt_overflow=&#8221;enable&#8221;][vc_column][vc_single_image image=&#8221;9625&#8243; img_size=&#8221;1850*150&#8243;]<div class=\"ult-spacer spacer-69d3b2400b7de\" data-id=\"69d3b2400b7de\" data-height=\"40\" data-height-mobile=\"40\" data-height-tab=\"40\" data-height-tab-portrait=\"\" data-height-mobile-landscape=\"\" style=\"clear:both;display:block;\"><\/div>[\/vc_column][\/vc_row][vc_row][vc_column][vc_column_text css=&#8221;.vc_custom_1774445446469{border-right-width: 15px !important;}&#8221;]<\/p>\n<p style=\"text-align: left;\">Alongside its research and project activities, the Social Innovation Centre is <strong>developing a self-financed rural innovation and <\/strong><strong>learning space<\/strong>. This initiative is designed as a practical environment where health, technology, and social innovation can be explored through small-scale pilots, short-term courses, and inclusive learning activities. The space is intended to support accessible programmes and co-assisted stay for diverse groups, primarly focusing on people with disabilities, while also providing a setting for experimentation with new approaches to wellbeing, community participation, and rural development. By combining research insights with a physical environment for testing and learning, the initiative strengthens SIC\u2019s ability to translate ideas into practical solutions.<\/p>\n<p>[\/vc_column_text][\/vc_column][\/vc_row][\/vc_section][vc_section][vc_row][vc_column][\/vc_column][vc_column width=&#8221;1\/3&#8243;][vc_single_image image=&#8221;9631&#8243; img_size=&#8221;900*450&#8243; alignment=&#8221;center&#8221; style=&#8221;vc_box_outline&#8221;][\/vc_column][vc_column width=&#8221;1\/3&#8243;][vc_single_image image=&#8221;9646&#8243; img_size=&#8221;900*450&#8243; style=&#8221;vc_box_outline&#8221;][\/vc_column][vc_column width=&#8221;1\/3&#8243;][vc_single_image image=&#8221;9637&#8243; img_size=&#8221;900*450&#8243; style=&#8221;vc_box_outline&#8221;][\/vc_column][\/vc_row][vc_row][vc_column width=&#8221;1\/3&#8243;][vc_column_text]<\/p>\n<h3 data-section-id=\"y263dg\" data-start=\"1045\" data-end=\"1072\">Why rural space matters<\/h3>\n<p data-start=\"1074\" data-end=\"1535\">Many social and health innovations are designed in urban environments but must ultimately work in diverse real-life contexts. Rural environments offer unique conditions for testing solutions related to wellbeing, accessibility, and community-based support systems. Lower environmental pressure, stronger community dynamics, and proximity to nature create opportunities to explore approaches that combine physical space, health behaviours, and social innovation.<\/p>\n<p>[\/vc_column_text][\/vc_column][vc_column width=&#8221;1\/3&#8243;][vc_column_text]<\/p>\n<h3 data-section-id=\"ixtxoa\" data-start=\"1662\" data-end=\"1683\">Development phase<\/h3>\n<p data-start=\"1685\" data-end=\"2009\">The Rural Space is currently being developed in phases. The initial stage focuses on preparing the environment for small-scale activities and stay as well as\u00a0 pilot programmes. As the space evolves, it is expected to host learning events, short-term courses, and experimental activities that combine health, technology, and rural innovation.The development process follows a gradual model, where infrastructure improvements are combined with testing practical use cases and learning from early experiences.<\/p>\n<p>[\/vc_column_text][\/vc_column][vc_column width=&#8221;1\/3&#8243;][vc_column_text]<\/p>\n<h3 data-section-id=\"1vz7orx\" data-start=\"2853\" data-end=\"2883\">Who this initiative is for<\/h3>\n<p data-start=\"2885\" data-end=\"2924\">The Rural Space is designed for:<\/p>\n<p>\u2022 families of neurodivergent individuals and people with ASD, to provide a co-assisted stay<br \/>\n\u2022 individuals interested in practical learning environments (nature &amp; sensory)<br \/>\n\u2022 organisations testing social innovation approaches ( craft retreats or alike)<br \/>\n\u2022 researchers exploring rural and wellbeing-related topics<br \/>\n\u2022 community groups and educational initiatives<br \/>\n\u2022 inclusive programmes involving people with disabilities[\/vc_column_text][\/vc_column][\/vc_row][vc_row][vc_column][vc_hoverbox image=&#8221;9681&#8243; primary_title=&#8221;Coming soon&#8221; primary_title_css_animation=&#8221;fadeInUp&#8221; hover_title=&#8221;Innovation shouldn&#8217;t require a city zip code!&#8221; hover_background_color=&#8221;custom&#8221; use_custom_fonts_primary_title=&#8221;true&#8221; hover_custom_background=&#8221;#34a8a4&#8243;]Bridging the gap between high-tech research and hands-on rural impact![\/vc_hoverbox][\/vc_column][\/vc_row][\/vc_section][vc_row full_width=&#8221;stretch_row&#8221; vlt_overflow=&#8221;enable&#8221;][vc_column width=&#8221;1\/6&#8243;][\/vc_column][vc_column width=&#8221;2\/3&#8243;]<div class=\"ult-spacer spacer-69d3b2400b89c\" data-id=\"69d3b2400b89c\" data-height=\"50\" data-height-mobile=\"50\" data-height-tab=\"50\" data-height-tab-portrait=\"\" data-height-mobile-landscape=\"\" style=\"clear:both;display:block;\"><\/div><div class=\"vlthemes_custom_69d3b2400b901   vlt-animation-block\" data-aos=\"fade\" data-aos-delay=\"100\">[vc_column_text css=&#8221;.vc_custom_1774457689534{margin-bottom: 0px !important;}&#8221;]<\/p>\n<p style=\"text-align: center; color: #fff;\"><span style=\"color: #000000;\">There is still a way to go, but we are on track. The rural space is being developed in phases and is expected to be ready for opening<strong> between 2027 and 2028.<\/strong><\/span><\/p>\n<p>[\/vc_column_text]<div class=\"ult-spacer spacer-69d3b2400ba04\" data-id=\"69d3b2400ba04\" data-height=\"50\" data-height-mobile=\"50\" data-height-tab=\"50\" data-height-tab-portrait=\"\" data-height-mobile-landscape=\"\" style=\"clear:both;display:block;\"><\/div>[vc_video link=&#8221;https:\/\/youtu.be\/_MLyuGS5fXc&#8221;][vc_column_text]<\/p>\n<p style=\"text-align: center;\">We\u2019re currently running our spring-summer donation campaign. Support us with a gift of any size to help us keep growing &#8211; <strong><a href=\"https:\/\/whydonate.com\/fundraising\/the-walls-are-up-help-us-open-the-doors\">donate here!<\/a><\/strong><\/p>\n<p>[\/vc_column_text]<\/div>[\/vc_column][vc_column width=&#8221;1\/6&#8243;][\/vc_column][\/vc_row][vc_row][vc_column width=&#8221;1\/3&#8243;][vc_single_image image=&#8221;9835&#8243; img_size=&#8221;900*450&#8243; alignment=&#8221;center&#8221; style=&#8221;vc_box_outline&#8221;][\/vc_column][vc_column width=&#8221;1\/3&#8243;][vc_single_image image=&#8221;9837&#8243; img_size=&#8221;900*450&#8243; style=&#8221;vc_box_outline&#8221;][\/vc_column][vc_column width=&#8221;1\/3&#8243;][vc_single_image image=&#8221;9839&#8243; img_size=&#8221;900*450&#8243; style=&#8221;vc_box_outline&#8221;][\/vc_column][\/vc_row][vc_row][vc_column width=&#8221;1\/3&#8243;][vc_column_text]<\/p>\n<h3 data-section-id=\"y263dg\" data-start=\"1045\" data-end=\"1072\"><a href=\"http:\/\/A comprehensive donor accountability document covering the project vision, three-phase \u20ac160,000 budget breakdown, EU-standard financial controls, risk register, donation tiers with full legal terms, and a milestone-based reporting schedule \u2014 structured for both first-time donors and institutional partners.\">Accountability report<\/a><\/h3>\n<p data-start=\"1074\" data-end=\"1535\">A comprehensive donor accountability document covering the project vision, three-phase \u20ac160,000 budget breakdown, EU-standard financial controls, risk register, donation tiers with full legal terms, and a milestone-based reporting schedule \u2014 structured for both first-time donors and institutional partners.<\/p>\n<p>[\/vc_column_text][\/vc_column][vc_column width=&#8221;1\/3&#8243;][vc_column_text]<\/p>\n<h3 data-section-id=\"ixtxoa\" data-start=\"1662\" data-end=\"1683\"><a href=\"https:\/\/socialinnovation.lv\/wp-content\/uploads\/2026\/03\/House_of_Inclusion_Property_Ownership_Summary-Final.pdf\">Property Owneship summary<\/a><\/h3>\n<p data-start=\"1685\" data-end=\"2009\">This summary proves the project is real. Legal ownership by Soci\u0101l\u0101s inov\u0101cijas centrs, full cadastral details for &#8220;Latgale 1&#8221; on Ismeri Lake, independently verifiable at zemesgramata.lv.<\/p>\n<p>[\/vc_column_text][\/vc_column][vc_column width=&#8221;1\/3&#8243;][vc_column_text]<\/p>\n<h3 data-section-id=\"1vz7orx\" data-start=\"2853\" data-end=\"2883\"><a href=\"http:\/\/proves the project is real. Legal ownership by Soci\u0101l\u0101s inov\u0101cijas centrs, full cadastral details for &quot;Latgale 1&quot; on Ismeri Lake, independently verifiable at zemesgramata.lv. Signed by Ren\u0101te Lukjanska as Chairwoman.\">Letter from the founder<\/a><\/h3>\n<p data-start=\"2885\" data-end=\"2924\">A personal commitment from Ren\u0101te Lukjanska \u2014 project lead with 20+ years of EU fund management and zero audit findings \u2014 addressed directly to every donor, explaining why this project exists and how their trust will be honoured.<\/p>\n<p>[\/vc_column_text][\/vc_column][\/vc_row][vc_row][vc_column width=&#8221;1\/3&#8243;][vc_single_image image=&#8221;9846&#8243; img_size=&#8221;900*450&#8243; alignment=&#8221;center&#8221; style=&#8221;vc_box_outline&#8221;][\/vc_column][vc_column width=&#8221;1\/3&#8243;][vc_single_image image=&#8221;9848&#8243; img_size=&#8221;900*450&#8243; style=&#8221;vc_box_outline&#8221;][\/vc_column][vc_column width=&#8221;1\/3&#8243;][vc_single_image image=&#8221;9850&#8243; img_size=&#8221;900*450&#8243; style=&#8221;vc_box_outline&#8221;][\/vc_column][\/vc_row][vc_section][vc_row][vc_column]<div class=\"ult-spacer spacer-69d3b2400ba60\" data-id=\"69d3b2400ba60\" data-height=\"50\" data-height-mobile=\"50\" data-height-tab=\"50\" data-height-tab-portrait=\"\" data-height-mobile-landscape=\"\" style=\"clear:both;display:block;\"><\/div>[\/vc_column][\/vc_row][\/vc_section][vc_section full_width=&#8221;stretch_row_content&#8221;][vc_row][vc_column][\/vc_column][\/vc_row][\/vc_section]<\/p>\n","protected":false},"excerpt":{"rendered":"<p>[vc_section full_width=&#8221;stretch_row_content&#8221;][vc_row full_width=&#8221;stretch_row_content&#8221; vlt_overflow=&#8221;enable&#8221;][vc_column][vc_single_image image=&#8221;9625&#8243; img_size=&#8221;1850*150&#8243;][\/vc_column][\/vc_row][vc_row][vc_column][vc_column_text css=&#8221;.vc_custom_1774445446469{border-right-width: 15px !important;}&#8221;] Alongside its research and project activities, the Social Innovation Centre is developing a self-financed rural innovation and learning space. This initiative is designed as a practical environment where health, technology, and social innovation can be explored through small-scale pilots, short-term courses, and inclusive learning activities. The [&hellip;]<\/p>\n","protected":false},"author":6,"featured_media":7803,"parent":0,"menu_order":6,"comment_status":"closed","ping_status":"closed","template":"template-custom-page.php","meta":{"_vp_format_video_url":"","_vp_image_focal_point":[],"footnotes":""},"class_list":["post-9630","page","type-page","status-publish","has-post-thumbnail","hentry"],"acf":[],"_links":{"self":[{"href":"https:\/\/socialinnovation.lv\/en\/wp-json\/wp\/v2\/pages\/9630","targetHints":{"allow":["GET"]}}],"collection":[{"href":"https:\/\/socialinnovation.lv\/en\/wp-json\/wp\/v2\/pages"}],"about":[{"href":"https:\/\/socialinnovation.lv\/en\/wp-json\/wp\/v2\/types\/page"}],"author":[{"embeddable":true,"href":"https:\/\/socialinnovation.lv\/en\/wp-json\/wp\/v2\/users\/6"}],"replies":[{"embeddable":true,"href":"https:\/\/socialinnovation.lv\/en\/wp-json\/wp\/v2\/comments?post=9630"}],"version-history":[{"count":33,"href":"https:\/\/socialinnovation.lv\/en\/wp-json\/wp\/v2\/pages\/9630\/revisions"}],"predecessor-version":[{"id":9853,"href":"https:\/\/socialinnovation.lv\/en\/wp-json\/wp\/v2\/pages\/9630\/revisions\/9853"}],"wp:featuredmedia":[{"embeddable":true,"href":"https:\/\/socialinnovation.lv\/en\/wp-json\/wp\/v2\/media\/7803"}],"wp:attachment":[{"href":"https:\/\/socialinnovation.lv\/en\/wp-json\/wp\/v2\/media?parent=9630"}],"curies":[{"name":"wp","href":"https:\/\/api.w.org\/{rel}","templated":true}]}}